{"id":11056,"date":"2023-01-25T21:22:01","date_gmt":"2023-01-26T02:22:01","guid":{"rendered":"https:\/\/172.16.253.39\/fondex.new\/?page_id=11056"},"modified":"2025-06-13T16:26:17","modified_gmt":"2025-06-13T21:26:17","slug":"beneficios","status":"publish","type":"page","link":"https:\/\/fondexpress.co\/?page_id=11056","title":{"rendered":"Beneficios"},"content":{"rendered":"\t\t<div data-elementor-type=\"wp-page\" data-elementor-id=\"11056\" class=\"elementor elementor-11056\">\n\t\t\t\t\t\t\t\t\t<section class=\"elementor-section elementor-top-section elementor-element elementor-element-1872a7ed elementor-section-boxed elementor-section-height-default elementor-section-height-default arrow_1_x_top arrow_1_y_left arrow_2_x_bottom arrow_2_y_right\" data-id=\"1872a7ed\" data-element_type=\"section\">\n\t\t\t\t\t\t<div class=\"elementor-container elementor-column-gap-default\">\n\t\t\t\t\t<div class=\"elementor-column elementor-col-50 elementor-top-column elementor-element elementor-element-119f21fc\" data-id=\"119f21fc\" data-element_type=\"column\" data-settings=\"{&quot;background_background&quot;:&quot;classic&quot;}\">\n\t\t\t<div class=\"elementor-widget-wrap elementor-element-populated\">\n\t\t\t\t\t<div class=\"elementor-background-overlay\"><\/div>\n\t\t\t\t\t\t\t\t<div class=\"elementor-element elementor-element-158d1b1c arrow-top-left elementor-widget-tablet__width-auto elementor-widget elementor-widget-image\" data-id=\"158d1b1c\" data-element_type=\"widget\" data-widget_type=\"image.default\">\n\t\t\t\t<div class=\"elementor-widget-container\">\n\t\t\t<style>\/*! elementor - v3.9.0 - 06-12-2022 *\/\n.elementor-widget-image{text-align:center}.elementor-widget-image a{display:inline-block}.elementor-widget-image a img[src$=\".svg\"]{width:48px}.elementor-widget-image img{vertical-align:middle;display:inline-block}<\/style>\t\t\t\t\t\t\t\t\t\t\t\t<img decoding=\"async\" src=\"https:\/\/www.gavias-theme.com\/wp\/indutri\/wp-content\/uploads\/2020\/07\/image-11.jpg\" title=\"\" alt=\"\" \/>\t\t\t\t\t\t\t\t\t\t\t\t\t\t\t<\/div>\n\t\t\t\t<\/div>\n\t\t\t\t\t<\/div>\n\t\t<\/div>\n\t\t\t\t<div class=\"elementor-column elementor-col-50 elementor-top-column elementor-element elementor-element-7be67a92 top column-style-top\" data-id=\"7be67a92\" data-element_type=\"column\">\n\t\t\t<div class=\"elementor-widget-wrap elementor-element-populated\">\n\t\t\t\t\t\t\t\t<div class=\"elementor-element elementor-element-7f22486a elementor-widget elementor-widget-gva-heading-block\" data-id=\"7f22486a\" data-element_type=\"widget\" data-widget_type=\"gva-heading-block.default\">\n\t\t\t\t<div class=\"elementor-widget-container\">\n\t\t\t<div class=\"gva-element-gva-heading-block gva-element\">   <div class=\"align-left style-1 widget gsc-heading box-align-center\">\n      <div class=\"content-inner\">\n         \n                  \n           \n         \n                     <h2 class=\"title\">\n               <span>Fonvida<\/span>\n            <\/h2>\n                  \n         \n      <\/div>\n   <\/div>\n   <div class=\"clearfix\"><\/div>\n<\/div>\t\t<\/div>\n\t\t\t\t<\/div>\n\t\t\t\t<div class=\"elementor-element elementor-element-5540869 elementor-widget elementor-widget-text-editor\" data-id=\"5540869\" data-element_type=\"widget\" data-widget_type=\"text-editor.default\">\n\t\t\t\t<div class=\"elementor-widget-container\">\n\t\t\t<style>\/*! elementor - v3.9.0 - 06-12-2022 *\/\n.elementor-widget-text-editor.elementor-drop-cap-view-stacked .elementor-drop-cap{background-color:#818a91;color:#fff}.elementor-widget-text-editor.elementor-drop-cap-view-framed .elementor-drop-cap{color:#818a91;border:3px solid;background-color:transparent}.elementor-widget-text-editor:not(.elementor-drop-cap-view-default) .elementor-drop-cap{margin-top:8px}.elementor-widget-text-editor:not(.elementor-drop-cap-view-default) .elementor-drop-cap-letter{width:1em;height:1em}.elementor-widget-text-editor .elementor-drop-cap{float:left;text-align:center;line-height:1;font-size:50px}.elementor-widget-text-editor .elementor-drop-cap-letter{display:inline-block}<\/style>\t\t\t\t<p>Tu familia queda asegurada con nosotros a partir de tu vinculaci\u00f3n como asociado y el primer descuento de n\u00f3mina, en el caso fortuito de fallecimiento del asociado.<\/p>\t\t\t\t\t\t<\/div>\n\t\t\t\t<\/div>\n\t\t\t\t<div class=\"elementor-element elementor-element-2ad8edc8 elementor-icon-list--layout-traditional elementor-list-item-link-full_width elementor-widget elementor-widget-icon-list\" data-id=\"2ad8edc8\" data-element_type=\"widget\" data-widget_type=\"icon-list.default\">\n\t\t\t\t<div class=\"elementor-widget-container\">\n\t\t\t<link rel=\"stylesheet\" href=\"https:\/\/fondexpress.co\/wp-content\/plugins\/elementor\/assets\/css\/widget-icon-list.min.css\">\t\t<ul class=\"elementor-icon-list-items\">\n\t\t\t\t\t\t\t<li class=\"elementor-icon-list-item\">\n\t\t\t\t\t\t\t\t\t\t\t<span class=\"elementor-icon-list-icon\">\n\t\t\t\t\t\t\t<i aria-hidden=\"true\" class=\"fi flaticon-check\"><\/i>\t\t\t\t\t\t<\/span>\n\t\t\t\t\t\t\t\t\t\t<span class=\"elementor-icon-list-text\">De 1 d\u00eda hasta 1 a\u00f1o de afiliaci\u00f3n: $ 10.000.000<\/span>\n\t\t\t\t\t\t\t\t\t<\/li>\n\t\t\t\t\t\t\t\t<li class=\"elementor-icon-list-item\">\n\t\t\t\t\t\t\t\t\t\t\t<span class=\"elementor-icon-list-icon\">\n\t\t\t\t\t\t\t<i aria-hidden=\"true\" class=\"fi flaticon-check\"><\/i>\t\t\t\t\t\t<\/span>\n\t\t\t\t\t\t\t\t\t\t<span class=\"elementor-icon-list-text\">De 1 a\u00f1o y 1 d\u00eda hasta 3 a\u00f1os de afiliaci\u00f3n: $ 20.000.000<\/span>\n\t\t\t\t\t\t\t\t\t<\/li>\n\t\t\t\t\t\t\t\t<li class=\"elementor-icon-list-item\">\n\t\t\t\t\t\t\t\t\t\t\t<span class=\"elementor-icon-list-icon\">\n\t\t\t\t\t\t\t<i aria-hidden=\"true\" class=\"fi flaticon-check\"><\/i>\t\t\t\t\t\t<\/span>\n\t\t\t\t\t\t\t\t\t\t<span class=\"elementor-icon-list-text\">De 3 a\u00f1os y 1 d\u00eda de afiliaci\u00f3n en adelante: $ 30.000.000<\/span>\n\t\t\t\t\t\t\t\t\t<\/li>\n\t\t\t\t\t\t<\/ul>\n\t\t\t\t<\/div>\n\t\t\t\t<\/div>\n\t\t\t\t<section class=\"elementor-section elementor-inner-section elementor-element elementor-element-74b8cf2a elementor-section-boxed elementor-section-height-default elementor-section-height-default\" data-id=\"74b8cf2a\" data-element_type=\"section\">\n\t\t\t\t\t\t<div class=\"elementor-container elementor-column-gap-default\">\n\t\t\t\t\t<div class=\"elementor-column elementor-col-100 elementor-inner-column elementor-element elementor-element-71f82237 top column-style-top\" data-id=\"71f82237\" data-element_type=\"column\">\n\t\t\t<div class=\"elementor-widget-wrap elementor-element-populated\">\n\t\t\t\t\t\t\t\t<div class=\"elementor-element elementor-element-6e0c931 elementor-widget elementor-widget-text-editor\" data-id=\"6e0c931\" data-element_type=\"widget\" data-widget_type=\"text-editor.default\">\n\t\t\t\t<div class=\"elementor-widget-container\">\n\t\t\t\t\t\t\t<ul><li><strong>Auxilio de solidaridad: <\/strong>El asociado y sus beneficiarios reciben este beneficio de 1\/2 hasta 4 SMMLV de acuerdo con la calamidad.<\/li><li><strong>Reconocimiento de inter\u00e9s sobre el ahorro permanente y el voluntario<\/strong>: Del 6<strong>% E.A.<\/strong> con capitalizaci\u00f3n mensual.<\/li><\/ul><ol><li>Tu ahorro voluntario ser\u00e1 tenido en cuenta para cupo de cr\u00e9dito.<\/li><li>Obsequio para fin de a\u00f1o para todos nuestros asociados.<\/li><li>Apoyamos a nuestros asociados emprendedores participando en eventos del fondo.<\/li><\/ol>\t\t\t\t\t\t<\/div>\n\t\t\t\t<\/div>\n\t\t\t\t\t<\/div>\n\t\t<\/div>\n\t\t\t\t\t\t\t<\/div>\n\t\t<\/section>\n\t\t\t\t\t<\/div>\n\t\t<\/div>\n\t\t\t\t\t\t\t<\/div>\n\t\t<\/section>\n\t\t\t\t\t\t\t<\/div>\n\t\t","protected":false},"excerpt":{"rendered":"<p>Fonvida Tu familia queda asegurada con nosotros a partir de tu vinculaci\u00f3n como asociado y el primer descuento de n\u00f3mina, en el caso fortuito de fallecimiento del asociado. De 1 [&hellip;]<\/p>\n","protected":false},"author":1,"featured_media":0,"parent":0,"menu_order":0,"comment_status":"closed","ping_status":"closed","template":"","meta":{"footnotes":""},"class_list":["post-11056","page","type-page","status-publish","hentry"],"_links":{"self":[{"href":"https:\/\/fondexpress.co\/index.php?rest_route=\/wp\/v2\/pages\/11056","targetHints":{"allow":["GET"]}}],"collection":[{"href":"https:\/\/fondexpress.co\/index.php?rest_route=\/wp\/v2\/pages"}],"about":[{"href":"https:\/\/fondexpress.co\/index.php?rest_route=\/wp\/v2\/types\/page"}],"author":[{"embeddable":true,"href":"https:\/\/fondexpress.co\/index.php?rest_route=\/wp\/v2\/users\/1"}],"replies":[{"embeddable":true,"href":"https:\/\/fondexpress.co\/index.php?rest_route=%2Fwp%2Fv2%2Fcomments&post=11056"}],"version-history":[{"count":19,"href":"https:\/\/fondexpress.co\/index.php?rest_route=\/wp\/v2\/pages\/11056\/revisions"}],"predecessor-version":[{"id":14252,"href":"https:\/\/fondexpress.co\/index.php?rest_route=\/wp\/v2\/pages\/11056\/revisions\/14252"}],"wp:attachment":[{"href":"https:\/\/fondexpress.co\/index.php?rest_route=%2Fwp%2Fv2%2Fmedia&parent=11056"}],"curies":[{"name":"wp","href":"https:\/\/api.w.org\/{rel}","templated":true}]}}