{"id":11259,"date":"2023-01-30T04:53:38","date_gmt":"2023-01-30T09:53:38","guid":{"rendered":"https:\/\/172.16.253.39\/fondex.new\/?page_id=11259"},"modified":"2024-07-23T10:08:12","modified_gmt":"2024-07-23T15:08:12","slug":"ahorros","status":"publish","type":"page","link":"https:\/\/fondexpress.co\/?page_id=11259","title":{"rendered":"Ahorros"},"content":{"rendered":"\t\t<div data-elementor-type=\"wp-page\" data-elementor-id=\"11259\" class=\"elementor elementor-11259\">\n\t\t\t\t\t\t\t\t\t<section class=\"elementor-section elementor-top-section elementor-element elementor-element-f1238e7 elementor-section-boxed elementor-section-height-default elementor-section-height-default\" data-id=\"f1238e7\" data-element_type=\"section\" data-settings=\"{&quot;background_background&quot;:&quot;classic&quot;}\">\n\t\t\t\t\t\t<div class=\"elementor-container elementor-column-gap-no\">\n\t\t\t\t\t<div class=\"elementor-column elementor-col-50 elementor-top-column elementor-element elementor-element-19b1f1d top column-style-top\" data-id=\"19b1f1d\" data-element_type=\"column\">\n\t\t\t<div class=\"elementor-widget-wrap elementor-element-populated\">\n\t\t\t\t\t\t\t\t<div class=\"elementor-element elementor-element-7d50b2c elementor-widget elementor-widget-heading\" data-id=\"7d50b2c\" data-element_type=\"widget\" data-widget_type=\"heading.default\">\n\t\t\t\t<div class=\"elementor-widget-container\">\n\t\t\t<style>\/*! elementor - v3.9.0 - 06-12-2022 *\/\n.elementor-heading-title{padding:0;margin:0;line-height:1}.elementor-widget-heading .elementor-heading-title[class*=elementor-size-]>a{color:inherit;font-size:inherit;line-height:inherit}.elementor-widget-heading .elementor-heading-title.elementor-size-small{font-size:15px}.elementor-widget-heading .elementor-heading-title.elementor-size-medium{font-size:19px}.elementor-widget-heading .elementor-heading-title.elementor-size-large{font-size:29px}.elementor-widget-heading .elementor-heading-title.elementor-size-xl{font-size:39px}.elementor-widget-heading .elementor-heading-title.elementor-size-xxl{font-size:59px}<\/style><h2 class=\"elementor-heading-title elementor-size-default\">AHORRO PERMANENTE<\/h2>\t\t<\/div>\n\t\t\t\t<\/div>\n\t\t\t\t<div class=\"elementor-element elementor-element-5fdabcf elementor-widget elementor-widget-spacer\" data-id=\"5fdabcf\" data-element_type=\"widget\" data-widget_type=\"spacer.default\">\n\t\t\t\t<div class=\"elementor-widget-container\">\n\t\t\t<style>\/*! elementor - v3.9.0 - 06-12-2022 *\/\n.elementor-column .elementor-spacer-inner{height:var(--spacer-size)}.e-con{--container-widget-width:100%}.e-con-inner>.elementor-widget-spacer,.e-con>.elementor-widget-spacer{width:var(--container-widget-width,var(--spacer-size));--align-self:var(--container-widget-align-self,initial);--flex-shrink:0}.e-con-inner>.elementor-widget-spacer>.elementor-widget-container,.e-con-inner>.elementor-widget-spacer>.elementor-widget-container>.elementor-spacer,.e-con>.elementor-widget-spacer>.elementor-widget-container,.e-con>.elementor-widget-spacer>.elementor-widget-container>.elementor-spacer{height:100%}.e-con-inner>.elementor-widget-spacer>.elementor-widget-container>.elementor-spacer>.elementor-spacer-inner,.e-con>.elementor-widget-spacer>.elementor-widget-container>.elementor-spacer>.elementor-spacer-inner{height:var(--container-widget-height,var(--spacer-size))}<\/style>\t\t<div class=\"elementor-spacer\">\n\t\t\t<div class=\"elementor-spacer-inner\"><\/div>\n\t\t<\/div>\n\t\t\t\t<\/div>\n\t\t\t\t<\/div>\n\t\t\t\t<div class=\"elementor-element elementor-element-d2d6ab9 elementor-widget elementor-widget-image\" data-id=\"d2d6ab9\" data-element_type=\"widget\" data-widget_type=\"image.default\">\n\t\t\t\t<div class=\"elementor-widget-container\">\n\t\t\t<style>\/*! elementor - v3.9.0 - 06-12-2022 *\/\n.elementor-widget-image{text-align:center}.elementor-widget-image a{display:inline-block}.elementor-widget-image a img[src$=\".svg\"]{width:48px}.elementor-widget-image img{vertical-align:middle;display:inline-block}<\/style>\t\t\t\t\t\t\t\t\t\t\t\t<img loading=\"lazy\" decoding=\"async\" width=\"900\" height=\"506\" src=\"https:\/\/fondexpress.co\/wp-content\/uploads\/2023\/03\/ahorros-permanentes-1024x576.png\" class=\"attachment-large size-large wp-image-11918\" alt=\"\" srcset=\"https:\/\/fondexpress.co\/wp-content\/uploads\/2023\/03\/ahorros-permanentes-1024x576.png 1024w, https:\/\/fondexpress.co\/wp-content\/uploads\/2023\/03\/ahorros-permanentes-768x432.png 768w, https:\/\/fondexpress.co\/wp-content\/uploads\/2023\/03\/ahorros-permanentes-600x338.png 600w, https:\/\/fondexpress.co\/wp-content\/uploads\/2023\/03\/ahorros-permanentes.png 1280w\" sizes=\"auto, (max-width: 900px) 100vw, 900px\" \/>\t\t\t\t\t\t\t\t\t\t\t\t\t\t\t<\/div>\n\t\t\t\t<\/div>\n\t\t\t\t\t<\/div>\n\t\t<\/div>\n\t\t\t\t<div class=\"elementor-column elementor-col-50 elementor-top-column elementor-element elementor-element-a2daac2 top column-style-top\" data-id=\"a2daac2\" data-element_type=\"column\">\n\t\t\t<div class=\"elementor-widget-wrap elementor-element-populated\">\n\t\t\t\t\t\t\t\t<div class=\"elementor-element elementor-element-bbbad34 elementor-widget elementor-widget-text-editor\" data-id=\"bbbad34\" data-element_type=\"widget\" data-widget_type=\"text-editor.default\">\n\t\t\t\t<div class=\"elementor-widget-container\">\n\t\t\t<style>\/*! elementor - v3.9.0 - 06-12-2022 *\/\n.elementor-widget-text-editor.elementor-drop-cap-view-stacked .elementor-drop-cap{background-color:#818a91;color:#fff}.elementor-widget-text-editor.elementor-drop-cap-view-framed .elementor-drop-cap{color:#818a91;border:3px solid;background-color:transparent}.elementor-widget-text-editor:not(.elementor-drop-cap-view-default) .elementor-drop-cap{margin-top:8px}.elementor-widget-text-editor:not(.elementor-drop-cap-view-default) .elementor-drop-cap-letter{width:1em;height:1em}.elementor-widget-text-editor .elementor-drop-cap{float:left;text-align:center;line-height:1;font-size:50px}.elementor-widget-text-editor .elementor-drop-cap-letter{display:inline-block}<\/style>\t\t\t\t<p>Ahorro que tiene todos los asociados de FONDEXPRESS de manera obligatoria desde su vinculaci\u00f3n, con una cuota de aporte individual equivalente al diez por ciento (10%) de un salario m\u00ednimo mensual legal vigente (1 SMMLV).<\/p>\t\t\t\t\t\t<\/div>\n\t\t\t\t<\/div>\n\t\t\t\t<div class=\"elementor-element elementor-element-16c27c6 elementor-widget elementor-widget-text-editor\" data-id=\"16c27c6\" data-element_type=\"widget\" data-widget_type=\"text-editor.default\">\n\t\t\t\t<div class=\"elementor-widget-container\">\n\t\t\t\t\t\t\t<p style=\"font-weight: 400;\"><strong>Caracter\u00edsticas y beneficios:<\/strong><\/p><ul style=\"font-weight: 400;\"><li>Cuota de ahorro descontada exclusivamente por n\u00f3mina.<\/li><li>Este aporte se distribuye as\u00ed: Ahorros permanentes 70% y Aportes Sociales el 30%.<\/li><li>El total de estos ahorros son garant\u00eda de los cr\u00e9ditos otorgados al asociado<\/li><li>Se reconocen rendimientos sobre los ahorros permanentes (8% Efectiva anual) que se capitalizan de manera mensual.<\/li><\/ul>\t\t\t\t\t\t<\/div>\n\t\t\t\t<\/div>\n\t\t\t\t<div class=\"elementor-element elementor-element-057a77b elementor-widget elementor-widget-spacer\" data-id=\"057a77b\" data-element_type=\"widget\" data-widget_type=\"spacer.default\">\n\t\t\t\t<div class=\"elementor-widget-container\">\n\t\t\t\t\t<div class=\"elementor-spacer\">\n\t\t\t<div class=\"elementor-spacer-inner\"><\/div>\n\t\t<\/div>\n\t\t\t\t<\/div>\n\t\t\t\t<\/div>\n\t\t\t\t\t<\/div>\n\t\t<\/div>\n\t\t\t\t\t\t\t<\/div>\n\t\t<\/section>\n\t\t\t\t<section class=\"elementor-section elementor-top-section elementor-element elementor-element-0c978f8 elementor-section-boxed elementor-section-height-default elementor-section-height-default\" data-id=\"0c978f8\" data-element_type=\"section\" data-settings=\"{&quot;background_background&quot;:&quot;classic&quot;}\">\n\t\t\t\t\t\t<div class=\"elementor-container elementor-column-gap-no\">\n\t\t\t\t\t<div class=\"elementor-column elementor-col-50 elementor-top-column elementor-element elementor-element-ddc8f3e top column-style-top\" data-id=\"ddc8f3e\" data-element_type=\"column\">\n\t\t\t<div class=\"elementor-widget-wrap elementor-element-populated\">\n\t\t\t\t\t\t\t\t<div class=\"elementor-element elementor-element-067f11a elementor-widget elementor-widget-heading\" data-id=\"067f11a\" data-element_type=\"widget\" data-widget_type=\"heading.default\">\n\t\t\t\t<div class=\"elementor-widget-container\">\n\t\t\t<h2 class=\"elementor-heading-title elementor-size-default\">\nAHORRO VOLUNTARIO<\/h2>\t\t<\/div>\n\t\t\t\t<\/div>\n\t\t\t\t<div class=\"elementor-element elementor-element-9bbdda8 elementor-widget elementor-widget-spacer\" data-id=\"9bbdda8\" data-element_type=\"widget\" data-widget_type=\"spacer.default\">\n\t\t\t\t<div class=\"elementor-widget-container\">\n\t\t\t\t\t<div class=\"elementor-spacer\">\n\t\t\t<div class=\"elementor-spacer-inner\"><\/div>\n\t\t<\/div>\n\t\t\t\t<\/div>\n\t\t\t\t<\/div>\n\t\t\t\t<div class=\"elementor-element elementor-element-3e143f4 elementor-widget elementor-widget-text-editor\" data-id=\"3e143f4\" data-element_type=\"widget\" data-widget_type=\"text-editor.default\">\n\t\t\t\t<div class=\"elementor-widget-container\">\n\t\t\t\t\t\t\t<p>Excelente alternativa de ahorro voluntario que le permite al asociado establecer un ahorro par alguna destinaci\u00f3n especifica como vacaciones, gastos de escolaridad, y otros. El asociado destina una suma mensual descontada por nomina a un plazo fijo.<\/p>\t\t\t\t\t\t<\/div>\n\t\t\t\t<\/div>\n\t\t\t\t<div class=\"elementor-element elementor-element-9e7d987 elementor-widget elementor-widget-text-editor\" data-id=\"9e7d987\" data-element_type=\"widget\" data-widget_type=\"text-editor.default\">\n\t\t\t\t<div class=\"elementor-widget-container\">\n\t\t\t\t\t\t\t<p style=\"font-weight: 400;\"><strong>Caracter\u00edsticas y beneficios:<\/strong><\/p><ul style=\"font-weight: 400;\"><li>Cuota de ahorro descontada exclusivamente por n\u00f3mina.<\/li><li>El total de estos ahorros podr\u00e1n servir de garant\u00eda de los cr\u00e9ditos otorgados al asociado, una vez pignorados podr\u00e1n disponerse hasta la extinci\u00f3n de la obligaci\u00f3n.<\/li><li>Se reconocen rendimientos sobre los ahorros voluntarios (8% Efectiva anual) que se capitalizan de manera mensual.<\/li><li>No tiene cuant\u00eda m\u00ednima<\/li><\/ul>\t\t\t\t\t\t<\/div>\n\t\t\t\t<\/div>\n\t\t\t\t<div class=\"elementor-element elementor-element-3805593 elementor-widget elementor-widget-spacer\" data-id=\"3805593\" data-element_type=\"widget\" data-widget_type=\"spacer.default\">\n\t\t\t\t<div class=\"elementor-widget-container\">\n\t\t\t\t\t<div class=\"elementor-spacer\">\n\t\t\t<div class=\"elementor-spacer-inner\"><\/div>\n\t\t<\/div>\n\t\t\t\t<\/div>\n\t\t\t\t<\/div>\n\t\t\t\t\t<\/div>\n\t\t<\/div>\n\t\t\t\t<div class=\"elementor-column elementor-col-50 elementor-top-column elementor-element elementor-element-21557df top column-style-top\" data-id=\"21557df\" data-element_type=\"column\">\n\t\t\t<div class=\"elementor-widget-wrap elementor-element-populated\">\n\t\t\t\t\t\t\t\t<div class=\"elementor-element elementor-element-fb8877b elementor-widget elementor-widget-spacer\" data-id=\"fb8877b\" data-element_type=\"widget\" data-widget_type=\"spacer.default\">\n\t\t\t\t<div class=\"elementor-widget-container\">\n\t\t\t\t\t<div class=\"elementor-spacer\">\n\t\t\t<div class=\"elementor-spacer-inner\"><\/div>\n\t\t<\/div>\n\t\t\t\t<\/div>\n\t\t\t\t<\/div>\n\t\t\t\t<div class=\"elementor-element elementor-element-0c87644 elementor-widget elementor-widget-image\" data-id=\"0c87644\" data-element_type=\"widget\" data-widget_type=\"image.default\">\n\t\t\t\t<div class=\"elementor-widget-container\">\n\t\t\t\t\t\t\t\t\t\t\t\t\t\t\t<img loading=\"lazy\" decoding=\"async\" width=\"900\" height=\"599\" src=\"https:\/\/fondexpress.co\/wp-content\/uploads\/2023\/03\/Ahorros-y-CreditO-voluntario-1024x682.jpg\" class=\"attachment-large size-large wp-image-11920\" alt=\"\" srcset=\"https:\/\/fondexpress.co\/wp-content\/uploads\/2023\/03\/Ahorros-y-CreditO-voluntario-1024x682.jpg 1024w, https:\/\/fondexpress.co\/wp-content\/uploads\/2023\/03\/Ahorros-y-CreditO-voluntario-768x512.jpg 768w, https:\/\/fondexpress.co\/wp-content\/uploads\/2023\/03\/Ahorros-y-CreditO-voluntario-600x400.jpg 600w, https:\/\/fondexpress.co\/wp-content\/uploads\/2023\/03\/Ahorros-y-CreditO-voluntario.jpg 2000w\" sizes=\"auto, (max-width: 900px) 100vw, 900px\" \/>\t\t\t\t\t\t\t\t\t\t\t\t\t\t\t<\/div>\n\t\t\t\t<\/div>\n\t\t\t\t\t<\/div>\n\t\t<\/div>\n\t\t\t\t\t\t\t<\/div>\n\t\t<\/section>\n\t\t\t\t\t\t\t<\/div>\n\t\t","protected":false},"excerpt":{"rendered":"<p>AHORRO PERMANENTE Ahorro que tiene todos los asociados de FONDEXPRESS de manera obligatoria desde su vinculaci\u00f3n, con una cuota de aporte individual equivalente al diez por ciento (10%) de un [&hellip;]<\/p>\n","protected":false},"author":1,"featured_media":0,"parent":0,"menu_order":0,"comment_status":"closed","ping_status":"closed","template":"","meta":{"footnotes":""},"class_list":["post-11259","page","type-page","status-publish","hentry"],"_links":{"self":[{"href":"https:\/\/fondexpress.co\/index.php?rest_route=\/wp\/v2\/pages\/11259","targetHints":{"allow":["GET"]}}],"collection":[{"href":"https:\/\/fondexpress.co\/index.php?rest_route=\/wp\/v2\/pages"}],"about":[{"href":"https:\/\/fondexpress.co\/index.php?rest_route=\/wp\/v2\/types\/page"}],"author":[{"embeddable":true,"href":"https:\/\/fondexpress.co\/index.php?rest_route=\/wp\/v2\/users\/1"}],"replies":[{"embeddable":true,"href":"https:\/\/fondexpress.co\/index.php?rest_route=%2Fwp%2Fv2%2Fcomments&post=11259"}],"version-history":[{"count":110,"href":"https:\/\/fondexpress.co\/index.php?rest_route=\/wp\/v2\/pages\/11259\/revisions"}],"predecessor-version":[{"id":13434,"href":"https:\/\/fondexpress.co\/index.php?rest_route=\/wp\/v2\/pages\/11259\/revisions\/13434"}],"wp:attachment":[{"href":"https:\/\/fondexpress.co\/index.php?rest_route=%2Fwp%2Fv2%2Fmedia&parent=11259"}],"curies":[{"name":"wp","href":"https:\/\/api.w.org\/{rel}","templated":true}]}}