{"id":11397,"date":"2023-01-31T09:46:02","date_gmt":"2023-01-31T14:46:02","guid":{"rendered":"https:\/\/172.16.253.39\/fondex.new\/?page_id=11397"},"modified":"2025-05-12T13:28:27","modified_gmt":"2025-05-12T18:28:27","slug":"asociados","status":"publish","type":"page","link":"https:\/\/fondexpress.co\/?page_id=11397","title":{"rendered":"Asociados"},"content":{"rendered":"\t\t<div data-elementor-type=\"wp-page\" data-elementor-id=\"11397\" class=\"elementor elementor-11397\">\n\t\t\t\t\t\t\t\t\t<section class=\"elementor-section elementor-top-section elementor-element elementor-element-27ec929 elementor-section-boxed elementor-section-height-default elementor-section-height-default\" data-id=\"27ec929\" data-element_type=\"section\">\n\t\t\t\t\t\t<div class=\"elementor-container elementor-column-gap-default\">\n\t\t\t\t\t<div class=\"elementor-column elementor-col-50 elementor-top-column elementor-element elementor-element-7dbecdb top column-style-top\" data-id=\"7dbecdb\" data-element_type=\"column\">\n\t\t\t<div class=\"elementor-widget-wrap elementor-element-populated\">\n\t\t\t\t\t\t\t\t<div class=\"elementor-element elementor-element-f5bd175 elementor-widget elementor-widget-heading\" data-id=\"f5bd175\" data-element_type=\"widget\" data-widget_type=\"heading.default\">\n\t\t\t\t<div class=\"elementor-widget-container\">\n\t\t\t<style>\/*! elementor - v3.9.0 - 06-12-2022 *\/\n.elementor-heading-title{padding:0;margin:0;line-height:1}.elementor-widget-heading .elementor-heading-title[class*=elementor-size-]>a{color:inherit;font-size:inherit;line-height:inherit}.elementor-widget-heading .elementor-heading-title.elementor-size-small{font-size:15px}.elementor-widget-heading .elementor-heading-title.elementor-size-medium{font-size:19px}.elementor-widget-heading .elementor-heading-title.elementor-size-large{font-size:29px}.elementor-widget-heading .elementor-heading-title.elementor-size-xl{font-size:39px}.elementor-widget-heading .elementor-heading-title.elementor-size-xxl{font-size:59px}<\/style><h2 class=\"elementor-heading-title elementor-size-default\">Asociados<\/h2>\t\t<\/div>\n\t\t\t\t<\/div>\n\t\t\t\t<div class=\"elementor-element elementor-element-1e0a0ca elementor-widget elementor-widget-spacer\" data-id=\"1e0a0ca\" data-element_type=\"widget\" data-widget_type=\"spacer.default\">\n\t\t\t\t<div class=\"elementor-widget-container\">\n\t\t\t<style>\/*! elementor - v3.9.0 - 06-12-2022 *\/\n.elementor-column .elementor-spacer-inner{height:var(--spacer-size)}.e-con{--container-widget-width:100%}.e-con-inner>.elementor-widget-spacer,.e-con>.elementor-widget-spacer{width:var(--container-widget-width,var(--spacer-size));--align-self:var(--container-widget-align-self,initial);--flex-shrink:0}.e-con-inner>.elementor-widget-spacer>.elementor-widget-container,.e-con-inner>.elementor-widget-spacer>.elementor-widget-container>.elementor-spacer,.e-con>.elementor-widget-spacer>.elementor-widget-container,.e-con>.elementor-widget-spacer>.elementor-widget-container>.elementor-spacer{height:100%}.e-con-inner>.elementor-widget-spacer>.elementor-widget-container>.elementor-spacer>.elementor-spacer-inner,.e-con>.elementor-widget-spacer>.elementor-widget-container>.elementor-spacer>.elementor-spacer-inner{height:var(--container-widget-height,var(--spacer-size))}<\/style>\t\t<div class=\"elementor-spacer\">\n\t\t\t<div class=\"elementor-spacer-inner\"><\/div>\n\t\t<\/div>\n\t\t\t\t<\/div>\n\t\t\t\t<\/div>\n\t\t\t\t<div class=\"elementor-element elementor-element-cedaf21 elementor-widget elementor-widget-image\" data-id=\"cedaf21\" data-element_type=\"widget\" data-widget_type=\"image.default\">\n\t\t\t\t<div class=\"elementor-widget-container\">\n\t\t\t<style>\/*! elementor - v3.9.0 - 06-12-2022 *\/\n.elementor-widget-image{text-align:center}.elementor-widget-image a{display:inline-block}.elementor-widget-image a img[src$=\".svg\"]{width:48px}.elementor-widget-image img{vertical-align:middle;display:inline-block}<\/style>\t\t\t\t\t\t\t\t\t\t\t\t<img loading=\"lazy\" decoding=\"async\" width=\"900\" height=\"675\" src=\"https:\/\/fondexpress.co\/wp-content\/uploads\/2023\/03\/Foto-evento-MSA-1024x768.jpeg\" class=\"attachment-large size-large wp-image-11892\" alt=\"\" srcset=\"https:\/\/fondexpress.co\/wp-content\/uploads\/2023\/03\/Foto-evento-MSA-1024x768.jpeg 1024w, https:\/\/fondexpress.co\/wp-content\/uploads\/2023\/03\/Foto-evento-MSA-768x576.jpeg 768w, https:\/\/fondexpress.co\/wp-content\/uploads\/2023\/03\/Foto-evento-MSA-600x450.jpeg 600w, https:\/\/fondexpress.co\/wp-content\/uploads\/2023\/03\/Foto-evento-MSA.jpeg 1280w\" sizes=\"auto, (max-width: 900px) 100vw, 900px\" \/>\t\t\t\t\t\t\t\t\t\t\t\t\t\t\t<\/div>\n\t\t\t\t<\/div>\n\t\t\t\t\t<\/div>\n\t\t<\/div>\n\t\t\t\t<div class=\"elementor-column elementor-col-50 elementor-top-column elementor-element elementor-element-ae45ee1 top column-style-top\" data-id=\"ae45ee1\" data-element_type=\"column\">\n\t\t\t<div class=\"elementor-widget-wrap elementor-element-populated\">\n\t\t\t\t\t\t\t\t<div class=\"elementor-element elementor-element-d148483 elementor-widget elementor-widget-spacer\" data-id=\"d148483\" data-element_type=\"widget\" data-widget_type=\"spacer.default\">\n\t\t\t\t<div class=\"elementor-widget-container\">\n\t\t\t\t\t<div class=\"elementor-spacer\">\n\t\t\t<div class=\"elementor-spacer-inner\"><\/div>\n\t\t<\/div>\n\t\t\t\t<\/div>\n\t\t\t\t<\/div>\n\t\t\t\t<div class=\"elementor-element elementor-element-4a844e6 elementor-widget elementor-widget-heading\" data-id=\"4a844e6\" data-element_type=\"widget\" data-widget_type=\"heading.default\">\n\t\t\t\t<div class=\"elementor-widget-container\">\n\t\t\t<h2 class=\"elementor-heading-title elementor-size-default\"><a href=\"https:\/\/172.16.253.39\/fondex.new\/wp-content\/uploads\/2023\/04\/lugo.jpg\" rel=\"nofollow\">\u00bfQUI\u00c9N PUEDE SER ASOCIADO?<\/a><\/h2>\t\t<\/div>\n\t\t\t\t<\/div>\n\t\t\t\t<div class=\"elementor-element elementor-element-3c9bae5 elementor-widget elementor-widget-text-editor\" data-id=\"3c9bae5\" data-element_type=\"widget\" data-widget_type=\"text-editor.default\">\n\t\t\t\t<div class=\"elementor-widget-container\">\n\t\t\t<style>\/*! elementor - v3.9.0 - 06-12-2022 *\/\n.elementor-widget-text-editor.elementor-drop-cap-view-stacked .elementor-drop-cap{background-color:#818a91;color:#fff}.elementor-widget-text-editor.elementor-drop-cap-view-framed .elementor-drop-cap{color:#818a91;border:3px solid;background-color:transparent}.elementor-widget-text-editor:not(.elementor-drop-cap-view-default) .elementor-drop-cap{margin-top:8px}.elementor-widget-text-editor:not(.elementor-drop-cap-view-default) .elementor-drop-cap-letter{width:1em;height:1em}.elementor-widget-text-editor .elementor-drop-cap{float:left;text-align:center;line-height:1;font-size:50px}.elementor-widget-text-editor .elementor-drop-cap-letter{display:inline-block}<\/style>\t\t\t\t<p><strong>ART\u00cdCULO 11 de estatuto de Fondexpress:<\/strong><\/p>\t\t\t\t\t\t<\/div>\n\t\t\t\t<\/div>\n\t\t\t\t<div class=\"elementor-element elementor-element-20bc5d7 elementor-widget elementor-widget-text-editor\" data-id=\"20bc5d7\" data-element_type=\"widget\" data-widget_type=\"text-editor.default\">\n\t\t\t\t<div class=\"elementor-widget-container\">\n\t\t\t\t\t\t\t<p>Podr\u00e1n tener car\u00e1cter de asociado todos aquellos trabajadores pertenecientes a las empresas que tengan v\u00ednculo con las siguientes sociedades:\u00a0<\/p>\t\t\t\t\t\t<\/div>\n\t\t\t\t<\/div>\n\t\t\t\t<div class=\"elementor-element elementor-element-12f5d00 elementor-widget elementor-widget-text-editor\" data-id=\"12f5d00\" data-element_type=\"widget\" data-widget_type=\"text-editor.default\">\n\t\t\t\t<div class=\"elementor-widget-container\">\n\t\t\t\t\t\t\t<ul><li>COINTOULON S.A.S\u00a0<\/li><li>CONSORCIO EXPRESS S.A.S.<\/li><li>ESTE ES MI BUS S.A.S\u00a0<\/li><li>EXPRESS DEL FUTURO S.A.<\/li><li>FONDEXPRESS<\/li><li>GRAN AM\u00c9RICAS PROVISI\u00d3N S.A.S<\/li><li>GRAN AM\u00c9RICAS USME S.A.S<\/li><li style=\"text-align: left;\">LUGO INGENIER\u00cdA S.A.S\u00a0<\/li><li>MECTRONICS S.A\u00a0<\/li><\/ul>\t\t\t\t\t\t<\/div>\n\t\t\t\t<\/div>\n\t\t\t\t<div class=\"elementor-element elementor-element-ad82b47 elementor-arrows-position-inside elementor-pagination-position-outside elementor-widget elementor-widget-image-carousel\" data-id=\"ad82b47\" data-element_type=\"widget\" data-settings=\"{&quot;navigation&quot;:&quot;both&quot;,&quot;autoplay&quot;:&quot;yes&quot;,&quot;pause_on_hover&quot;:&quot;yes&quot;,&quot;pause_on_interaction&quot;:&quot;yes&quot;,&quot;autoplay_speed&quot;:5000,&quot;infinite&quot;:&quot;yes&quot;,&quot;speed&quot;:500}\" data-widget_type=\"image-carousel.default\">\n\t\t\t\t<div class=\"elementor-widget-container\">\n\t\t\t<style>\/*! elementor - v3.9.0 - 06-12-2022 *\/\n.elementor-widget-image-carousel .swiper-container{position:static}.elementor-widget-image-carousel .swiper-container .swiper-slide figure{line-height:inherit}.elementor-widget-image-carousel .swiper-slide{text-align:center}.elementor-image-carousel-wrapper:not(.swiper-container-initialized) .swiper-slide{max-width:calc(100% \/ var(--e-image-carousel-slides-to-show, 3))}<\/style>\t\t<div class=\"elementor-image-carousel-wrapper swiper-container\" dir=\"ltr\">\n\t\t\t<div class=\"elementor-image-carousel swiper-wrapper\">\n\t\t\t\t\t\t\t\t<div class=\"swiper-slide\"><figure class=\"swiper-slide-inner\"><img decoding=\"async\" class=\"swiper-slide-image\" src=\"https:\/\/fondexpress.co\/wp-content\/uploads\/2023\/01\/Cointoulon.jpg\" alt=\"Cointoulon\" \/><\/figure><\/div><div class=\"swiper-slide\"><figure class=\"swiper-slide-inner\"><img decoding=\"async\" class=\"swiper-slide-image\" src=\"https:\/\/fondexpress.co\/wp-content\/uploads\/2023\/01\/Consorcio-Express.jpg\" alt=\"Consorcio Express\" \/><\/figure><\/div><div class=\"swiper-slide\"><figure class=\"swiper-slide-inner\"><img decoding=\"async\" class=\"swiper-slide-image\" src=\"https:\/\/fondexpress.co\/wp-content\/uploads\/2023\/01\/Este-es-mi-Bus.jpg\" alt=\"Este es mi Bus\" \/><\/figure><\/div><div class=\"swiper-slide\"><figure class=\"swiper-slide-inner\"><img decoding=\"async\" class=\"swiper-slide-image\" src=\"https:\/\/fondexpress.co\/wp-content\/uploads\/2023\/08\/Final-express-del-futuro.png\" alt=\"Final express del futuro\" \/><\/figure><\/div><div class=\"swiper-slide\"><figure class=\"swiper-slide-inner\"><img decoding=\"async\" class=\"swiper-slide-image\" src=\"https:\/\/fondexpress.co\/wp-content\/uploads\/2023\/08\/Gran-Americas-Privison.png\" alt=\"Gran Am\u00e9ricas Privis\u00f3n\" \/><\/figure><\/div><div class=\"swiper-slide\"><figure class=\"swiper-slide-inner\"><img decoding=\"async\" class=\"swiper-slide-image\" src=\"https:\/\/fondexpress.co\/wp-content\/uploads\/2023\/01\/Gran-Americas-Usme.jpg\" alt=\"Gran Am\u00e9ricas Usme\" \/><\/figure><\/div><div class=\"swiper-slide\"><figure class=\"swiper-slide-inner\"><img decoding=\"async\" class=\"swiper-slide-image\" src=\"https:\/\/fondexpress.co\/wp-content\/uploads\/2023\/04\/lugo.jpg\" alt=\"lugo\" \/><\/figure><\/div><div class=\"swiper-slide\"><figure class=\"swiper-slide-inner\"><img decoding=\"async\" class=\"swiper-slide-image\" src=\"https:\/\/fondexpress.co\/wp-content\/uploads\/2023\/01\/Mectronics.jpg\" alt=\"Mectronics\" \/><\/figure><\/div><div class=\"swiper-slide\"><figure class=\"swiper-slide-inner\"><img decoding=\"async\" class=\"swiper-slide-image\" src=\"https:\/\/fondexpress.co\/wp-content\/uploads\/2025\/05\/LOGO_FONDEXPRESS_FND-1.png\" alt=\"LOGO_FONDEXPRESS_FND (1)\" \/><\/figure><\/div>\t\t\t<\/div>\n\t\t\t\t\t\t\t\t\t\t\t\t<div class=\"swiper-pagination\"><\/div>\n\t\t\t\t\t\t\t\t\t\t\t\t\t<div class=\"elementor-swiper-button elementor-swiper-button-prev\">\n\t\t\t\t\t\t<i aria-hidden=\"true\" class=\"eicon-chevron-left\"><\/i>\t\t\t\t\t\t<span class=\"elementor-screen-only\">Anterior<\/span>\n\t\t\t\t\t<\/div>\n\t\t\t\t\t<div class=\"elementor-swiper-button elementor-swiper-button-next\">\n\t\t\t\t\t\t<i aria-hidden=\"true\" class=\"eicon-chevron-right\"><\/i>\t\t\t\t\t\t<span class=\"elementor-screen-only\">Siguiente<\/span>\n\t\t\t\t\t<\/div>\n\t\t\t\t\t\t\t\t\t<\/div>\n\t\t\t\t<\/div>\n\t\t\t\t<\/div>\n\t\t\t\t\t<\/div>\n\t\t<\/div>\n\t\t\t\t\t\t\t<\/div>\n\t\t<\/section>\n\t\t\t\t<section class=\"elementor-section elementor-top-section elementor-element elementor-element-0c417ad elementor-section-boxed elementor-section-height-default elementor-section-height-default\" data-id=\"0c417ad\" data-element_type=\"section\">\n\t\t\t\t\t\t<div class=\"elementor-container elementor-column-gap-default\">\n\t\t\t\t\t<div class=\"elementor-column elementor-col-16 elementor-top-column elementor-element elementor-element-e6bc3e2 top column-style-top\" data-id=\"e6bc3e2\" data-element_type=\"column\">\n\t\t\t<div class=\"elementor-widget-wrap\">\n\t\t\t\t\t\t\t\t\t<\/div>\n\t\t<\/div>\n\t\t\t\t<div class=\"elementor-column elementor-col-66 elementor-top-column elementor-element elementor-element-aa2b4e8 top column-style-top\" data-id=\"aa2b4e8\" data-element_type=\"column\">\n\t\t\t<div class=\"elementor-widget-wrap elementor-element-populated\">\n\t\t\t\t\t\t\t\t<div class=\"elementor-element elementor-element-d355ff3 elementor-widget elementor-widget-heading\" data-id=\"d355ff3\" data-element_type=\"widget\" data-widget_type=\"heading.default\">\n\t\t\t\t<div class=\"elementor-widget-container\">\n\t\t\t<h2 class=\"elementor-heading-title elementor-size-default\">Y todas aquellas empresas que a futuro sean filiales o subordinadas de las mencionadas.<\/h2>\t\t<\/div>\n\t\t\t\t<\/div>\n\t\t\t\t<div class=\"elementor-element elementor-element-7b0429d elementor-widget elementor-widget-spacer\" data-id=\"7b0429d\" data-element_type=\"widget\" data-widget_type=\"spacer.default\">\n\t\t\t\t<div class=\"elementor-widget-container\">\n\t\t\t\t\t<div class=\"elementor-spacer\">\n\t\t\t<div class=\"elementor-spacer-inner\"><\/div>\n\t\t<\/div>\n\t\t\t\t<\/div>\n\t\t\t\t<\/div>\n\t\t\t\t\t<\/div>\n\t\t<\/div>\n\t\t\t\t<div class=\"elementor-column elementor-col-16 elementor-top-column elementor-element elementor-element-d8ab036 top column-style-top\" data-id=\"d8ab036\" data-element_type=\"column\">\n\t\t\t<div class=\"elementor-widget-wrap\">\n\t\t\t\t\t\t\t\t\t<\/div>\n\t\t<\/div>\n\t\t\t\t\t\t\t<\/div>\n\t\t<\/section>\n\t\t\t\t<section class=\"elementor-section elementor-top-section elementor-element elementor-element-bcd91cf elementor-section-boxed elementor-section-height-default elementor-section-height-default\" data-id=\"bcd91cf\" data-element_type=\"section\" data-settings=\"{&quot;background_background&quot;:&quot;classic&quot;}\">\n\t\t\t\t\t\t<div class=\"elementor-container elementor-column-gap-default\">\n\t\t\t\t\t<div class=\"elementor-column elementor-col-50 elementor-top-column elementor-element elementor-element-9788bbc top column-style-top\" data-id=\"9788bbc\" data-element_type=\"column\">\n\t\t\t<div class=\"elementor-widget-wrap elementor-element-populated\">\n\t\t\t\t\t\t\t\t<div class=\"elementor-element elementor-element-698a6a8 elementor-widget elementor-widget-spacer\" data-id=\"698a6a8\" data-element_type=\"widget\" data-widget_type=\"spacer.default\">\n\t\t\t\t<div class=\"elementor-widget-container\">\n\t\t\t\t\t<div class=\"elementor-spacer\">\n\t\t\t<div class=\"elementor-spacer-inner\"><\/div>\n\t\t<\/div>\n\t\t\t\t<\/div>\n\t\t\t\t<\/div>\n\t\t\t\t<div class=\"elementor-element elementor-element-3918c98 elementor-widget elementor-widget-image\" data-id=\"3918c98\" data-element_type=\"widget\" data-widget_type=\"image.default\">\n\t\t\t\t<div class=\"elementor-widget-container\">\n\t\t\t\t\t\t\t\t\t\t\t\t\t\t\t<img loading=\"lazy\" decoding=\"async\" width=\"900\" height=\"675\" src=\"https:\/\/fondexpress.co\/wp-content\/uploads\/2023\/03\/Asociados-1024x768.jpeg\" class=\"attachment-large size-large wp-image-11891\" alt=\"\" srcset=\"https:\/\/fondexpress.co\/wp-content\/uploads\/2023\/03\/Asociados-1024x768.jpeg 1024w, https:\/\/fondexpress.co\/wp-content\/uploads\/2023\/03\/Asociados-768x576.jpeg 768w, https:\/\/fondexpress.co\/wp-content\/uploads\/2023\/03\/Asociados-600x450.jpeg 600w, https:\/\/fondexpress.co\/wp-content\/uploads\/2023\/03\/Asociados.jpeg 1600w\" sizes=\"auto, (max-width: 900px) 100vw, 900px\" \/>\t\t\t\t\t\t\t\t\t\t\t\t\t\t\t<\/div>\n\t\t\t\t<\/div>\n\t\t\t\t\t<\/div>\n\t\t<\/div>\n\t\t\t\t<div class=\"elementor-column elementor-col-50 elementor-top-column elementor-element elementor-element-08333eb top column-style-top\" data-id=\"08333eb\" data-element_type=\"column\">\n\t\t\t<div class=\"elementor-widget-wrap elementor-element-populated\">\n\t\t\t\t\t\t\t\t<div class=\"elementor-element elementor-element-0b1e307 elementor-widget elementor-widget-spacer\" data-id=\"0b1e307\" data-element_type=\"widget\" data-widget_type=\"spacer.default\">\n\t\t\t\t<div class=\"elementor-widget-container\">\n\t\t\t\t\t<div class=\"elementor-spacer\">\n\t\t\t<div class=\"elementor-spacer-inner\"><\/div>\n\t\t<\/div>\n\t\t\t\t<\/div>\n\t\t\t\t<\/div>\n\t\t\t\t<div class=\"elementor-element elementor-element-834a788 elementor-widget elementor-widget-heading\" data-id=\"834a788\" data-element_type=\"widget\" data-widget_type=\"heading.default\">\n\t\t\t\t<div class=\"elementor-widget-container\">\n\t\t\t<h2 class=\"elementor-heading-title elementor-size-default\">REQUISITOS PARA SER ASOCIADO:<\/h2>\t\t<\/div>\n\t\t\t\t<\/div>\n\t\t\t\t<div class=\"elementor-element elementor-element-c6b3723 elementor-widget elementor-widget-text-editor\" data-id=\"c6b3723\" data-element_type=\"widget\" data-widget_type=\"text-editor.default\">\n\t\t\t\t<div class=\"elementor-widget-container\">\n\t\t\t\t\t\t\t<p>Se adquiere la calidad de asociado siempre que re\u00fana los siguientes requisitos:\u00a0<\/p>\t\t\t\t\t\t<\/div>\n\t\t\t\t<\/div>\n\t\t\t\t<div class=\"elementor-element elementor-element-3262c6e elementor-widget elementor-widget-text-editor\" data-id=\"3262c6e\" data-element_type=\"widget\" data-widget_type=\"text-editor.default\">\n\t\t\t\t<div class=\"elementor-widget-container\">\n\t\t\t\t\t\t\t<ul><li>Solicitud escrita de afiliaci\u00f3n.<\/li><li>No estar afectado de incapacidad legal.<\/li><li>Aceptar el aporte Fonvida equivalente al 9% de un SMMLV, cuyo recurso tendr\u00e1 una destinaci\u00f3n para otorgamiento de auxilios de vida a las familias de los asociados en caso de su fallecimiento.<\/li><li>Autorizar a la empresa patronal para que retenga de su salario la cuota mensual de ahorro equivalente al 10% de 1 SMMLV.<\/li><li>Autorizar a Fondexpress la consulta y reporte a las centrales de riesgo.<\/li><li>No estar reportado en las listas vinculantes en materia de SARLAFT.<\/li><li>Para poder acceder a todos nuestros servicios y beneficios debe haber realizado el curso b\u00e1sico de econom\u00eda solidaria el cual ser\u00e1 suministrado por el Fondo.<\/li><\/ul>\t\t\t\t\t\t<\/div>\n\t\t\t\t<\/div>\n\t\t\t\t\t<\/div>\n\t\t<\/div>\n\t\t\t\t\t\t\t<\/div>\n\t\t<\/section>\n\t\t\t\t\t\t\t<\/div>\n\t\t","protected":false},"excerpt":{"rendered":"<p>Asociados \u00bfQUI\u00c9N PUEDE SER ASOCIADO? ART\u00cdCULO 11 de estatuto de Fondexpress: Podr\u00e1n tener car\u00e1cter de asociado todos aquellos trabajadores pertenecientes a las empresas que tengan v\u00ednculo con las siguientes sociedades:\u00a0 [&hellip;]<\/p>\n","protected":false},"author":1,"featured_media":0,"parent":0,"menu_order":0,"comment_status":"closed","ping_status":"closed","template":"","meta":{"footnotes":""},"class_list":["post-11397","page","type-page","status-publish","hentry"],"_links":{"self":[{"href":"https:\/\/fondexpress.co\/index.php?rest_route=\/wp\/v2\/pages\/11397","targetHints":{"allow":["GET"]}}],"collection":[{"href":"https:\/\/fondexpress.co\/index.php?rest_route=\/wp\/v2\/pages"}],"about":[{"href":"https:\/\/fondexpress.co\/index.php?rest_route=\/wp\/v2\/types\/page"}],"author":[{"embeddable":true,"href":"https:\/\/fondexpress.co\/index.php?rest_route=\/wp\/v2\/users\/1"}],"replies":[{"embeddable":true,"href":"https:\/\/fondexpress.co\/index.php?rest_route=%2Fwp%2Fv2%2Fcomments&post=11397"}],"version-history":[{"count":110,"href":"https:\/\/fondexpress.co\/index.php?rest_route=\/wp\/v2\/pages\/11397\/revisions"}],"predecessor-version":[{"id":14139,"href":"https:\/\/fondexpress.co\/index.php?rest_route=\/wp\/v2\/pages\/11397\/revisions\/14139"}],"wp:attachment":[{"href":"https:\/\/fondexpress.co\/index.php?rest_route=%2Fwp%2Fv2%2Fmedia&parent=11397"}],"curies":[{"name":"wp","href":"https:\/\/api.w.org\/{rel}","templated":true}]}}